{"id":9055,"date":"2024-05-04T21:49:37","date_gmt":"2024-05-04T21:49:37","guid":{"rendered":"https:\/\/staging.pt\/africappp\/participer\/"},"modified":"2026-04-14T18:50:09","modified_gmt":"2026-04-14T18:50:09","slug":"participer","status":"publish","type":"page","link":"https:\/\/africappp.com\/fr\/participer\/","title":{"rendered":"Participer"},"content":{"rendered":"\t\t<div data-elementor-type=\"wp-page\" data-elementor-id=\"9055\" class=\"elementor elementor-9055 elementor-9048\" data-elementor-post-type=\"page\">\n\t\t\t\t<div class=\"elementor-element elementor-element-dffab6b e-flex e-con-boxed e-con e-parent\" data-id=\"dffab6b\" data-element_type=\"container\" data-e-type=\"container\" data-settings=\"{&quot;background_background&quot;:&quot;classic&quot;}\">\n\t\t\t\t\t<div class=\"e-con-inner\">\n\t\t<div class=\"elementor-element elementor-element-97a92ce e-con-full e-flex elementor-invisible e-con e-child\" data-id=\"97a92ce\" data-element_type=\"container\" data-e-type=\"container\" data-settings=\"{&quot;animation&quot;:&quot;fadeInLeft&quot;,&quot;background_background&quot;:&quot;classic&quot;}\">\n\t\t\t\t<div class=\"elementor-element elementor-element-acfc57c elementor-widget elementor-widget-heading\" data-id=\"acfc57c\" data-element_type=\"widget\" data-e-type=\"widget\" data-widget_type=\"heading.default\">\n\t\t\t\t<div class=\"elementor-widget-container\">\n\t\t\t\t\t<h2 class=\"elementor-heading-title elementor-size-default\">AFRICA PPP : L'\u00c9v\u00e9nement de R\u00e9f\u00e9rence des Partenariats Public-Priv\u00e9<\/h2>\t\t\t\t<\/div>\n\t\t\t\t<\/div>\n\t\t\t\t<div class=\"elementor-element elementor-element-c2c46df elementor-widget elementor-widget-text-editor\" data-id=\"c2c46df\" data-element_type=\"widget\" data-e-type=\"widget\" data-widget_type=\"text-editor.default\">\n\t\t\t\t<div class=\"elementor-widget-container\">\n\t\t\t\t\t\t\t\t\t<p>AFRICA PPP est l&rsquo;\u00e9v\u00e9nement de Partenariats Public-Priv\u00e9 (PPP) le plus ancien en Afrique, organis\u00e9 alternativement en Afrique du Nord et en Afrique du Sud. Cet \u00e9v\u00e9nement prestigieux rassemble les principaux acteurs gouvernementaux, du secteur priv\u00e9 et des organisations internationales pour encourager la collaboration, discuter de projets innovants et explorer les opportunit\u00e9s d&rsquo;investissement dans les secteurs des infrastructures en Afrique. <\/p>\t\t\t\t\t\t\t\t<\/div>\n\t\t\t\t<\/div>\n\t\t\t\t<\/div>\n\t\t\t\t\t<\/div>\n\t\t\t\t<\/div>\n\t\t<div class=\"elementor-element elementor-element-7144506 e-flex e-con-boxed e-con e-parent\" data-id=\"7144506\" data-element_type=\"container\" data-e-type=\"container\" data-settings=\"{&quot;background_background&quot;:&quot;classic&quot;}\">\n\t\t\t\t\t<div class=\"e-con-inner\">\n\t\t<div class=\"elementor-element elementor-element-a51478a e-con-full e-flex elementor-invisible e-con e-child\" data-id=\"a51478a\" data-element_type=\"container\" data-e-type=\"container\" data-settings=\"{&quot;animation&quot;:&quot;fadeInLeft&quot;,&quot;background_background&quot;:&quot;classic&quot;}\">\n\t\t\t\t<div class=\"elementor-element elementor-element-17084c3 elementor-widget elementor-widget-heading\" data-id=\"17084c3\" data-element_type=\"widget\" data-e-type=\"widget\" data-widget_type=\"heading.default\">\n\t\t\t\t<div class=\"elementor-widget-container\">\n\t\t\t\t\t<h2 class=\"elementor-heading-title elementor-size-default\">Devenez un sponsor<\/h2>\t\t\t\t<\/div>\n\t\t\t\t<\/div>\n\t\t\t\t<div class=\"elementor-element elementor-element-4fbd971 elementor-align-left elementor-widget elementor-widget-button\" data-id=\"4fbd971\" data-element_type=\"widget\" data-e-type=\"widget\" data-widget_type=\"button.default\">\n\t\t\t\t<div class=\"elementor-widget-container\">\n\t\t\t\t\t\t\t\t\t<div class=\"elementor-button-wrapper\">\n\t\t\t\t\t<a class=\"elementor-button elementor-button-link elementor-size-md\" href=\"https:\/\/africappp.com\/fr\/contactez-nous\/\">\n\t\t\t\t\t\t<span class=\"elementor-button-content-wrapper\">\n\t\t\t\t\t\t\t\t\t<span class=\"elementor-button-text\">Contactez-nous<\/span>\n\t\t\t\t\t<\/span>\n\t\t\t\t\t<\/a>\n\t\t\t\t<\/div>\n\t\t\t\t\t\t\t\t<\/div>\n\t\t\t\t<\/div>\n\t\t\t\t<div class=\"elementor-element elementor-element-8d3f373 elementor-widget elementor-widget-text-editor\" data-id=\"8d3f373\" data-element_type=\"widget\" data-e-type=\"widget\" data-widget_type=\"text-editor.default\">\n\t\t\t\t<div class=\"elementor-widget-container\">\n\t\t\t\t\t\t\t\t\t<p><span style=\"font-family: var( --e-global-typography-text-font-family ), Sans-serif; font-size: var( --e-global-typography-text-font-size ); font-weight: var( --e-global-typography-text-font-weight ); text-align: var(--text-align); background-color: var( --e-global-color-2db8f86 );\">Sponsoriser AFRICA PPP est un moyen puissant de garantir que votre entreprise laisse un impact durable et m\u00e9morable dans les secteurs des infrastructures, de l&rsquo;\u00e9nergie et des finances en Afrique.<\/span><\/p><p><strong>En devenant sponsor, vous positionnerez votre entreprise comme un leader du secteur, maximiserez votre visibilit\u00e9, atteindrez votre audience cible et aurez l&rsquo;opportunit\u00e9 de prendre la parole lors de la conf\u00e9rence.<\/strong> Nous proposons une gamme de forfaits de parrainage, incluant des options personnalis\u00e9es pour s\u2019aligner avec la strat\u00e9gie et les objectifs de votre entreprise.<\/p><p>Nos forfaits incluent la <strong>promotion de votre marque en ligne et hors ligne, mise en avant dans nos campagnes de communication<\/strong> avant et apr\u00e8s l&rsquo;\u00e9v\u00e9nement. De plus, ils offrent des opportunit\u00e9s de prise de parole, des r\u00e9unions priv\u00e9es avec des participants s\u00e9lectionn\u00e9s, l&rsquo;acc\u00e8s \u00e0 la liste des participants en ligne, et bien plus encore.<\/p>\t\t\t\t\t\t\t\t<\/div>\n\t\t\t\t<\/div>\n\t\t\t\t<\/div>\n\t\t<div class=\"elementor-element elementor-element-7e5ced7 e-con-full e-flex e-con e-child\" data-id=\"7e5ced7\" data-element_type=\"container\" data-e-type=\"container\" data-settings=\"{&quot;background_background&quot;:&quot;classic&quot;}\">\n\t\t\t\t<div class=\"elementor-element elementor-element-c76645e elementor-invisible elementor-widget elementor-widget-image\" data-id=\"c76645e\" data-element_type=\"widget\" data-e-type=\"widget\" data-settings=\"{&quot;_animation&quot;:&quot;fadeInUp&quot;}\" data-widget_type=\"image.default\">\n\t\t\t\t<div class=\"elementor-widget-container\">\n\t\t\t\t\t\t\t\t\t\t\t\t\t\t\t<img fetchpriority=\"high\" decoding=\"async\" width=\"1920\" height=\"1280\" src=\"https:\/\/africappp.com\/wp-content\/uploads\/2025\/11\/AFRICAPPP1_105.jpg\" class=\"attachment-full size-full wp-image-15616\" alt=\"\" srcset=\"https:\/\/africappp.com\/wp-content\/uploads\/2025\/11\/AFRICAPPP1_105.jpg 1920w, https:\/\/africappp.com\/wp-content\/uploads\/2025\/11\/AFRICAPPP1_105-300x200.jpg 300w, https:\/\/africappp.com\/wp-content\/uploads\/2025\/11\/AFRICAPPP1_105-1024x683.jpg 1024w, https:\/\/africappp.com\/wp-content\/uploads\/2025\/11\/AFRICAPPP1_105-768x512.jpg 768w, https:\/\/africappp.com\/wp-content\/uploads\/2025\/11\/AFRICAPPP1_105-1536x1024.jpg 1536w\" sizes=\"(max-width: 1920px) 100vw, 1920px\" \/>\t\t\t\t\t\t\t\t\t\t\t\t\t\t\t<\/div>\n\t\t\t\t<\/div>\n\t\t\t\t<\/div>\n\t\t\t\t\t<\/div>\n\t\t\t\t<\/div>\n\t\t<div class=\"elementor-element elementor-element-bbf79fd e-flex e-con-boxed e-con e-parent\" data-id=\"bbf79fd\" data-element_type=\"container\" data-e-type=\"container\" data-settings=\"{&quot;background_background&quot;:&quot;gradient&quot;}\">\n\t\t\t\t\t<div class=\"e-con-inner\">\n\t\t<div class=\"elementor-element elementor-element-0d54012 e-con-full e-flex e-con e-child\" data-id=\"0d54012\" data-element_type=\"container\" data-e-type=\"container\">\n\t\t\t\t<div class=\"elementor-element elementor-element-7cc4879 elementor-widget elementor-widget-heading\" data-id=\"7cc4879\" data-element_type=\"widget\" data-e-type=\"widget\" data-widget_type=\"heading.default\">\n\t\t\t\t<div class=\"elementor-widget-container\">\n\t\t\t\t\t<h3 class=\"elementor-heading-title elementor-size-default\">Nous proposons des formules de parrainage et d'exposition sur mesure, qui constituent une solution rentable pour vous aider \u00e0 atteindre vos clients actuels et nouveaux. \nD\u00e9veloppez votre activit\u00e9 au Maroc !<\/h3>\t\t\t\t<\/div>\n\t\t\t\t<\/div>\n\t\t\t\t<div class=\"elementor-element elementor-element-a5c673a elementor-align-center elementor-widget elementor-widget-button\" data-id=\"a5c673a\" data-element_type=\"widget\" data-e-type=\"widget\" data-widget_type=\"button.default\">\n\t\t\t\t<div class=\"elementor-widget-container\">\n\t\t\t\t\t\t\t\t\t<div class=\"elementor-button-wrapper\">\n\t\t\t\t\t<a class=\"elementor-button elementor-button-link elementor-size-md\" href=\"https:\/\/africappp.com\/fr\/contactez-nous\/\">\n\t\t\t\t\t\t<span class=\"elementor-button-content-wrapper\">\n\t\t\t\t\t\t\t\t\t<span class=\"elementor-button-text\">Contactez notre \u00e9quipe<\/span>\n\t\t\t\t\t<\/span>\n\t\t\t\t\t<\/a>\n\t\t\t\t<\/div>\n\t\t\t\t\t\t\t\t<\/div>\n\t\t\t\t<\/div>\n\t\t\t\t<\/div>\n\t\t\t\t\t<\/div>\n\t\t\t\t<\/div>\n\t\t<div class=\"elementor-element elementor-element-5a29ba4 e-flex e-con-boxed e-con e-parent\" data-id=\"5a29ba4\" data-element_type=\"container\" data-e-type=\"container\" data-settings=\"{&quot;background_background&quot;:&quot;classic&quot;}\">\n\t\t\t\t\t<div class=\"e-con-inner\">\n\t\t<div class=\"elementor-element elementor-element-884d6e1 e-con-full e-flex elementor-invisible e-con e-child\" data-id=\"884d6e1\" data-element_type=\"container\" data-e-type=\"container\" data-settings=\"{&quot;animation&quot;:&quot;fadeInLeft&quot;,&quot;background_background&quot;:&quot;classic&quot;}\">\n\t\t\t\t<div class=\"elementor-element elementor-element-6d78a29 elementor-widget elementor-widget-heading\" data-id=\"6d78a29\" data-element_type=\"widget\" data-e-type=\"widget\" data-widget_type=\"heading.default\">\n\t\t\t\t<div class=\"elementor-widget-container\">\n\t\t\t\t\t<h2 class=\"elementor-heading-title elementor-size-default\">Stimulez le d\u00e9veloppement des infrastructures africaines et augmentez votre visibilit\u00e9 r\u00e9gionale\n\n<\/h2>\t\t\t\t<\/div>\n\t\t\t\t<\/div>\n\t\t\t\t<div class=\"elementor-element elementor-element-5fd6263 elementor-widget elementor-widget-text-editor\" data-id=\"5fd6263\" data-element_type=\"widget\" data-e-type=\"widget\" data-widget_type=\"text-editor.default\">\n\t\t\t\t<div class=\"elementor-widget-container\">\n\t\t\t\t\t\t\t\t\t<p><strong>En participant en tant que d\u00e9l\u00e9gu\u00e9, vous contribuerez non seulement au d\u00e9veloppement des secteurs des infrastructures et des finances,<\/strong> mais vous aurez \u00e9galement l&rsquo;occasion de vous connecter et d&rsquo;interagir avec des professionnels du secteur pertinents pour votre entreprise, tout en augmentant votre visibilit\u00e9 dans la r\u00e9gion africaine.<\/p><p><strong>Les pauses de r\u00e9seautage<\/strong> pendant l&rsquo;\u00e9v\u00e9nement sont con\u00e7ues pour cr\u00e9er des points de rencontre d\u00e9di\u00e9s, vous offrant ainsi amplement de temps pour \u00e9tablir des contacts entre les sessions de la conf\u00e9rence.<\/p><p>Reconnaissant l&rsquo;importance du r\u00e9seautage lors de tels \u00e9v\u00e9nements, nous proposons \u00e9galement une application officielle de l&rsquo;\u00e9v\u00e9nement, vous permettant de consulter les profils des participants et de discuter directement avec eux. La plateforme accueille \u00e9galement des pr\u00e9sentations et des discussions en direct, am\u00e9liorant ainsi votre exp\u00e9rience globale. <\/p>\t\t\t\t\t\t\t\t<\/div>\n\t\t\t\t<\/div>\n\t\t\t\t<div class=\"elementor-element elementor-element-f9188cd elementor-align-left elementor-widget elementor-widget-button\" data-id=\"f9188cd\" data-element_type=\"widget\" data-e-type=\"widget\" data-widget_type=\"button.default\">\n\t\t\t\t<div class=\"elementor-widget-container\">\n\t\t\t\t\t\t\t\t\t<div class=\"elementor-button-wrapper\">\n\t\t\t\t\t<a class=\"elementor-button elementor-button-link elementor-size-md\" href=\"https:\/\/africappp.com\/fr\/inscrivez-vous\/\">\n\t\t\t\t\t\t<span class=\"elementor-button-content-wrapper\">\n\t\t\t\t\t\t\t\t\t<span class=\"elementor-button-text\">R\u00e9servez votre pass d\u00e9l\u00e9gu\u00e9<\/span>\n\t\t\t\t\t<\/span>\n\t\t\t\t\t<\/a>\n\t\t\t\t<\/div>\n\t\t\t\t\t\t\t\t<\/div>\n\t\t\t\t<\/div>\n\t\t\t\t<\/div>\n\t\t<div class=\"elementor-element elementor-element-54020fe e-con-full e-flex e-con e-child\" data-id=\"54020fe\" data-element_type=\"container\" data-e-type=\"container\" data-settings=\"{&quot;background_background&quot;:&quot;classic&quot;}\">\n\t\t\t\t<div class=\"elementor-element elementor-element-34efcb3 elementor-invisible elementor-widget elementor-widget-image\" data-id=\"34efcb3\" data-element_type=\"widget\" data-e-type=\"widget\" data-settings=\"{&quot;_animation&quot;:&quot;fadeInUp&quot;}\" data-widget_type=\"image.default\">\n\t\t\t\t<div class=\"elementor-widget-container\">\n\t\t\t\t\t\t\t\t\t\t\t\t\t\t\t<img decoding=\"async\" width=\"1920\" height=\"1280\" src=\"https:\/\/africappp.com\/wp-content\/uploads\/2025\/11\/AFRICAPPP1_5-1.jpg\" class=\"attachment-full size-full wp-image-15584\" alt=\"\" srcset=\"https:\/\/africappp.com\/wp-content\/uploads\/2025\/11\/AFRICAPPP1_5-1.jpg 1920w, https:\/\/africappp.com\/wp-content\/uploads\/2025\/11\/AFRICAPPP1_5-1-300x200.jpg 300w, https:\/\/africappp.com\/wp-content\/uploads\/2025\/11\/AFRICAPPP1_5-1-1024x683.jpg 1024w, https:\/\/africappp.com\/wp-content\/uploads\/2025\/11\/AFRICAPPP1_5-1-768x512.jpg 768w, https:\/\/africappp.com\/wp-content\/uploads\/2025\/11\/AFRICAPPP1_5-1-1536x1024.jpg 1536w\" sizes=\"(max-width: 1920px) 100vw, 1920px\" \/>\t\t\t\t\t\t\t\t\t\t\t\t\t\t\t<\/div>\n\t\t\t\t<\/div>\n\t\t\t\t<\/div>\n\t\t\t\t\t<\/div>\n\t\t\t\t<\/div>\n\t\t<div class=\"elementor-element elementor-element-8e6e43d e-flex e-con-boxed e-con e-parent\" data-id=\"8e6e43d\" data-element_type=\"container\" data-e-type=\"container\" data-settings=\"{&quot;background_background&quot;:&quot;classic&quot;}\">\n\t\t\t\t\t<div class=\"e-con-inner\">\n\t\t<div class=\"elementor-element elementor-element-2d0b91e e-con-full e-flex e-con e-child\" data-id=\"2d0b91e\" data-element_type=\"container\" data-e-type=\"container\" data-settings=\"{&quot;background_background&quot;:&quot;classic&quot;}\">\n\t\t\t\t<div class=\"elementor-element elementor-element-e089548 elementor-invisible elementor-widget elementor-widget-image\" data-id=\"e089548\" data-element_type=\"widget\" data-e-type=\"widget\" data-settings=\"{&quot;_animation&quot;:&quot;fadeInUp&quot;}\" data-widget_type=\"image.default\">\n\t\t\t\t<div class=\"elementor-widget-container\">\n\t\t\t\t\t\t\t\t\t\t\t\t\t\t\t<img decoding=\"async\" width=\"1920\" height=\"1280\" src=\"https:\/\/africappp.com\/wp-content\/uploads\/2025\/11\/AFRICAPPP2a_12.jpg\" class=\"attachment-full size-full wp-image-15652\" alt=\"\" srcset=\"https:\/\/africappp.com\/wp-content\/uploads\/2025\/11\/AFRICAPPP2a_12.jpg 1920w, https:\/\/africappp.com\/wp-content\/uploads\/2025\/11\/AFRICAPPP2a_12-300x200.jpg 300w, https:\/\/africappp.com\/wp-content\/uploads\/2025\/11\/AFRICAPPP2a_12-1024x683.jpg 1024w, https:\/\/africappp.com\/wp-content\/uploads\/2025\/11\/AFRICAPPP2a_12-768x512.jpg 768w, https:\/\/africappp.com\/wp-content\/uploads\/2025\/11\/AFRICAPPP2a_12-1536x1024.jpg 1536w\" sizes=\"(max-width: 1920px) 100vw, 1920px\" \/>\t\t\t\t\t\t\t\t\t\t\t\t\t\t\t<\/div>\n\t\t\t\t<\/div>\n\t\t\t\t<\/div>\n\t\t<div class=\"elementor-element elementor-element-60604b5 e-con-full e-flex elementor-invisible e-con e-child\" data-id=\"60604b5\" data-element_type=\"container\" data-e-type=\"container\" data-settings=\"{&quot;animation&quot;:&quot;fadeInLeft&quot;,&quot;background_background&quot;:&quot;classic&quot;}\">\n\t\t\t\t<div class=\"elementor-element elementor-element-d46a3e9 elementor-widget elementor-widget-heading\" data-id=\"d46a3e9\" data-element_type=\"widget\" data-e-type=\"widget\" data-widget_type=\"heading.default\">\n\t\t\t\t<div class=\"elementor-widget-container\">\n\t\t\t\t\t<h2 class=\"elementor-heading-title elementor-size-default\">Devenez conf\u00e9rencier<\/h2>\t\t\t\t<\/div>\n\t\t\t\t<\/div>\n\t\t\t\t<div class=\"elementor-element elementor-element-ceb68f6 elementor-widget elementor-widget-text-editor\" data-id=\"ceb68f6\" data-element_type=\"widget\" data-e-type=\"widget\" data-widget_type=\"text-editor.default\">\n\t\t\t\t<div class=\"elementor-widget-container\">\n\t\t\t\t\t\t\t\t\t<p><strong>Africa PPP constitue une plateforme cl\u00e9 pour les discussions de projets.<\/strong> Cette ann\u00e9e, la conf\u00e9rence se concentrera sur la mani\u00e8re de relever les d\u00e9fis li\u00e9s aux infrastructures et explorera comment de nouvelles approches en mati\u00e8re de preuve de valeur, de gestion des risques, de planification et de gestion des actifs permettent aux propri\u00e9taires d&rsquo;actifs de r\u00e9aliser avec succ\u00e8s des projets critiques.<\/p><p>Si vous \u00eates int\u00e9ress\u00e9 \u00e0 prendre la parole lors de la prochaine \u00e9dition, veuillez nous envoyer votre biographie et votre domaine d&rsquo;expertise. Ensemble, nous pourrons d\u00e9terminer quels sujets de la conf\u00e9rence correspondent \u00e0 votre exp\u00e9rience. <\/p><p>Les pr\u00e9sentations peuvent \u00eatre faites en fran\u00e7ais ou en anglais et ne doivent pas d\u00e9passer 15 minutes. L&rsquo;agenda comprendra \u00e0 la fois des pr\u00e9sentations et des tables rondes. Si vous pensez pouvoir apporter une contribution pr\u00e9cieuse \u00e0 la conf\u00e9rence, nous vous encourageons \u00e0 nous contacter.  <\/p>\t\t\t\t\t\t\t\t<\/div>\n\t\t\t\t<\/div>\n\t\t\t\t<div class=\"elementor-element elementor-element-a2326ae elementor-align-left elementor-widget elementor-widget-button\" data-id=\"a2326ae\" data-element_type=\"widget\" data-e-type=\"widget\" data-widget_type=\"button.default\">\n\t\t\t\t<div class=\"elementor-widget-container\">\n\t\t\t\t\t\t\t\t\t<div class=\"elementor-button-wrapper\">\n\t\t\t\t\t<a class=\"elementor-button elementor-button-link elementor-size-md\" href=\"https:\/\/africappp.com\/fr\/contactez-nous\/\">\n\t\t\t\t\t\t<span class=\"elementor-button-content-wrapper\">\n\t\t\t\t\t\t\t\t\t<span class=\"elementor-button-text\">Contactez-nous<\/span>\n\t\t\t\t\t<\/span>\n\t\t\t\t\t<\/a>\n\t\t\t\t<\/div>\n\t\t\t\t\t\t\t\t<\/div>\n\t\t\t\t<\/div>\n\t\t\t\t<\/div>\n\t\t\t\t\t<\/div>\n\t\t\t\t<\/div>\n\t\t\t\t<\/div>\n\t\t","protected":false},"excerpt":{"rendered":"<p>AFRICA PPP : L&rsquo;\u00c9v\u00e9nement de R\u00e9f\u00e9rence des Partenariats Public-Priv\u00e9 AFRICA PPP est l&rsquo;\u00e9v\u00e9nement de Partenariats Public-Priv\u00e9 (PPP) le plus ancien en Afrique, organis\u00e9 alternativement en Afrique du Nord et en Afrique du Sud. Cet \u00e9v\u00e9nement prestigieux rassemble les principaux acteurs gouvernementaux, du secteur priv\u00e9 et des organisations internationales pour encourager la collaboration, discuter de projets [&hellip;]<\/p>\n","protected":false},"author":10,"featured_media":0,"parent":0,"menu_order":0,"comment_status":"closed","ping_status":"closed","template":"","meta":{"_uf_show_specific_survey":0,"_uf_disable_surveys":false,"footnotes":""},"class_list":["post-9055","page","type-page","status-publish","hentry"],"_links":{"self":[{"href":"https:\/\/africappp.com\/fr\/wp-json\/wp\/v2\/pages\/9055","targetHints":{"allow":["GET"]}}],"collection":[{"href":"https:\/\/africappp.com\/fr\/wp-json\/wp\/v2\/pages"}],"about":[{"href":"https:\/\/africappp.com\/fr\/wp-json\/wp\/v2\/types\/page"}],"author":[{"embeddable":true,"href":"https:\/\/africappp.com\/fr\/wp-json\/wp\/v2\/users\/10"}],"replies":[{"embeddable":true,"href":"https:\/\/africappp.com\/fr\/wp-json\/wp\/v2\/comments?post=9055"}],"version-history":[{"count":8,"href":"https:\/\/africappp.com\/fr\/wp-json\/wp\/v2\/pages\/9055\/revisions"}],"predecessor-version":[{"id":16017,"href":"https:\/\/africappp.com\/fr\/wp-json\/wp\/v2\/pages\/9055\/revisions\/16017"}],"wp:attachment":[{"href":"https:\/\/africappp.com\/fr\/wp-json\/wp\/v2\/media?parent=9055"}],"curies":[{"name":"wp","href":"https:\/\/api.w.org\/{rel}","templated":true}]}}