{"id":9046,"date":"2024-05-04T21:32:47","date_gmt":"2024-05-04T21:32:47","guid":{"rendered":"https:\/\/staging.pt\/africappp\/galerie\/"},"modified":"2024-05-04T21:32:48","modified_gmt":"2024-05-04T21:32:48","slug":"galerie","status":"publish","type":"page","link":"https:\/\/africappp.com\/fr\/galerie\/","title":{"rendered":"Galerie"},"content":{"rendered":"\t\t<div data-elementor-type=\"wp-page\" data-elementor-id=\"9046\" class=\"elementor elementor-9046 elementor-4436\" data-elementor-post-type=\"page\">\n\t\t\t\t<div class=\"elementor-element elementor-element-73c06fd e-flex e-con-boxed e-con e-parent\" data-id=\"73c06fd\" data-element_type=\"container\" data-e-type=\"container\">\n\t\t\t\t\t<div class=\"e-con-inner\">\n\t\t<div class=\"elementor-element elementor-element-0e3637f e-flex e-con-boxed e-con e-child\" data-id=\"0e3637f\" data-element_type=\"container\" data-e-type=\"container\">\n\t\t\t\t\t<div class=\"e-con-inner\">\n\t\t\t\t<div class=\"elementor-element elementor-element-317ae45 eael_liquid_glass-effect1 eael_liquid_glass_shadow-effect1 elementor-widget elementor-widget-jet-listing-grid\" data-id=\"317ae45\" data-element_type=\"widget\" data-e-type=\"widget\" data-settings=\"{&quot;columns&quot;:&quot;4&quot;,&quot;columns_tablet&quot;:&quot;2&quot;,&quot;columns_mobile&quot;:&quot;1&quot;}\" data-widget_type=\"jet-listing-grid.default\">\n\t\t\t\t<div class=\"elementor-widget-container\">\n\t\t\t\t\t<div class=\"jet-listing-grid jet-listing\"><div class=\"jet-listing-grid__items grid-col-desk-4 grid-col-tablet-2 grid-col-mobile-1 jet-listing-grid--8801 jet-equal-columns__wrapper\" data-queried-id=\"9046|WP_Post\" data-nav=\"{&quot;enabled&quot;:false,&quot;type&quot;:null,&quot;more_el&quot;:null,&quot;query&quot;:[],&quot;widget_settings&quot;:{&quot;lisitng_id&quot;:8801,&quot;posts_num&quot;:6,&quot;columns&quot;:4,&quot;columns_tablet&quot;:2,&quot;columns_mobile&quot;:1,&quot;column_min_width&quot;:240,&quot;column_min_width_tablet&quot;:240,&quot;column_min_width_mobile&quot;:240,&quot;inline_columns_css&quot;:false,&quot;is_archive_template&quot;:&quot;&quot;,&quot;post_status&quot;:[&quot;publish&quot;],&quot;use_random_posts_num&quot;:&quot;&quot;,&quot;max_posts_num&quot;:9,&quot;not_found_message&quot;:&quot;Aucune donn\\u00e9e n&#039;a \\u00e9t\\u00e9 trouv\\u00e9e&quot;,&quot;is_masonry&quot;:false,&quot;equal_columns_height&quot;:&quot;yes&quot;,&quot;use_load_more&quot;:&quot;&quot;,&quot;load_more_id&quot;:&quot;&quot;,&quot;load_more_type&quot;:&quot;click&quot;,&quot;load_more_offset&quot;:{&quot;unit&quot;:&quot;px&quot;,&quot;size&quot;:0,&quot;sizes&quot;:[]},&quot;use_custom_post_types&quot;:&quot;&quot;,&quot;custom_post_types&quot;:[],&quot;hide_widget_if&quot;:&quot;&quot;,&quot;carousel_enabled&quot;:&quot;&quot;,&quot;slides_to_scroll&quot;:&quot;1&quot;,&quot;arrows&quot;:&quot;true&quot;,&quot;arrow_icon&quot;:&quot;fa fa-angle-left&quot;,&quot;dots&quot;:&quot;&quot;,&quot;autoplay&quot;:&quot;true&quot;,&quot;pause_on_hover&quot;:&quot;true&quot;,&quot;autoplay_speed&quot;:5000,&quot;infinite&quot;:&quot;true&quot;,&quot;center_mode&quot;:&quot;&quot;,&quot;effect&quot;:&quot;slide&quot;,&quot;speed&quot;:500,&quot;inject_alternative_items&quot;:&quot;&quot;,&quot;injection_items&quot;:[],&quot;scroll_slider_enabled&quot;:&quot;&quot;,&quot;scroll_slider_on&quot;:[&quot;desktop&quot;,&quot;tablet&quot;,&quot;mobile&quot;],&quot;custom_query&quot;:false,&quot;custom_query_id&quot;:&quot;&quot;,&quot;_element_id&quot;:&quot;&quot;,&quot;collapse_first_last_gap&quot;:false,&quot;list_tag_selection&quot;:&quot;&quot;,&quot;list_items_wrapper_tag&quot;:&quot;div&quot;,&quot;list_item_tag&quot;:&quot;div&quot;,&quot;empty_items_wrapper_tag&quot;:&quot;div&quot;}}\" data-page=\"1\" data-pages=\"1\" data-listing-source=\"posts\" data-listing-id=\"8801\" data-query-id=\"\"><div class=\"jet-listing-grid__item jet-listing-dynamic-post-15722 jet-equal-columns\" data-post-id=\"15722\"  >\t\t<div data-elementor-type=\"jet-listing-items\" data-elementor-id=\"8905\" class=\"elementor elementor-8905 elementor-8801 elementor-8801\" data-elementor-post-type=\"jet-engine\">\n\t\t\t\t<a class=\"elementor-element elementor-element-e8c4945 e-con-full jedv-enabled--yes e-flex e-con e-child\" data-id=\"e8c4945\" data-element_type=\"container\" data-e-type=\"container\" href=\"https:\/\/africappp.com\/fr\/galleries\/appp-2025\/\">\n\t\t\t\t<div class=\"elementor-element elementor-element-ff7aab6 elementor-widget elementor-widget-image\" data-id=\"ff7aab6\" data-element_type=\"widget\" data-e-type=\"widget\" data-widget_type=\"image.default\">\n\t\t\t\t<div class=\"elementor-widget-container\">\n\t\t\t\t\t\t\t\t\t\t\t\t\t\t\t<img fetchpriority=\"high\" decoding=\"async\" width=\"800\" height=\"534\" src=\"https:\/\/africappp.com\/wp-content\/uploads\/2025\/11\/AFRICAPPP8_1-1024x683.jpg\" class=\"attachment-large size-large wp-image-15547\" alt=\"\" srcset=\"https:\/\/africappp.com\/wp-content\/uploads\/2025\/11\/AFRICAPPP8_1-1024x683.jpg 1024w, https:\/\/africappp.com\/wp-content\/uploads\/2025\/11\/AFRICAPPP8_1-300x200.jpg 300w, https:\/\/africappp.com\/wp-content\/uploads\/2025\/11\/AFRICAPPP8_1-768x512.jpg 768w, https:\/\/africappp.com\/wp-content\/uploads\/2025\/11\/AFRICAPPP8_1-1536x1024.jpg 1536w, https:\/\/africappp.com\/wp-content\/uploads\/2025\/11\/AFRICAPPP8_1.jpg 1920w\" sizes=\"(max-width: 800px) 100vw, 800px\" \/>\t\t\t\t\t\t\t\t\t\t\t\t\t\t\t<\/div>\n\t\t\t\t<\/div>\n\t\t\t\t<div class=\"elementor-element elementor-element-6f8faa1 elementor-widget elementor-widget-heading\" data-id=\"6f8faa1\" data-element_type=\"widget\" data-e-type=\"widget\" data-widget_type=\"heading.default\">\n\t\t\t\t<div class=\"elementor-widget-container\">\n\t\t\t\t\t<h6 class=\"elementor-heading-title elementor-size-default\">APPP 2025<\/h6>\t\t\t\t<\/div>\n\t\t\t\t<\/div>\n\t\t\t\t<\/a>\n\t\t\t\t<\/div>\n\t\t<\/div><\/div><\/div>\t\t\t\t<\/div>\n\t\t\t\t<\/div>\n\t\t\t\t\t<\/div>\n\t\t\t\t<\/div>\n\t\t\t\t\t<\/div>\n\t\t\t\t<\/div>\n\t\t<div class=\"elementor-element elementor-element-d7f6bdf elementor-hidden-desktop elementor-hidden-tablet elementor-hidden-mobile e-flex e-con-boxed e-con e-parent\" data-id=\"d7f6bdf\" data-element_type=\"container\" data-e-type=\"container\">\n\t\t\t\t\t<div class=\"e-con-inner\">\n\t\t<a class=\"elementor-element elementor-element-358d854 e-flex e-con-boxed e-con e-child\" data-id=\"358d854\" data-element_type=\"container\" data-e-type=\"container\">\n\t\t\t\t\t<div class=\"e-con-inner\">\n\t\t<a class=\"elementor-element elementor-element-4e1ddf5 e-con-full e-flex e-con e-child\" data-id=\"4e1ddf5\" data-element_type=\"container\" data-e-type=\"container\">\n\t\t\t\t<div class=\"elementor-element elementor-element-31e26c9 elementor-widget elementor-widget-image\" data-id=\"31e26c9\" data-element_type=\"widget\" data-e-type=\"widget\" data-widget_type=\"image.default\">\n\t\t\t\t<div class=\"elementor-widget-container\">\n\t\t\t\t\t\t\t\t\t\t\t\t\t\t\t<img decoding=\"async\" width=\"700\" height=\"467\" src=\"https:\/\/africappp.com\/wp-content\/uploads\/2023\/03\/DSC07069-700x467.jpg\" class=\"attachment-large size-large wp-image-10211\" alt=\"\" srcset=\"https:\/\/africappp.com\/wp-content\/uploads\/2023\/03\/DSC07069-700x467.jpg 700w, https:\/\/africappp.com\/wp-content\/uploads\/2023\/03\/DSC07069-250x167.jpg 250w, https:\/\/africappp.com\/wp-content\/uploads\/2023\/03\/DSC07069-768x512.jpg 768w, https:\/\/africappp.com\/wp-content\/uploads\/2023\/03\/DSC07069-1536x1024.jpg 1536w, https:\/\/africappp.com\/wp-content\/uploads\/2023\/03\/DSC07069-120x80.jpg 120w, https:\/\/africappp.com\/wp-content\/uploads\/2023\/03\/DSC07069.jpg 2048w\" sizes=\"(max-width: 700px) 100vw, 700px\" \/>\t\t\t\t\t\t\t\t\t\t\t\t\t\t\t<\/div>\n\t\t\t\t<\/div>\n\t\t\t\t<div class=\"elementor-element elementor-element-99f753c elementor-widget elementor-widget-heading\" data-id=\"99f753c\" data-element_type=\"widget\" data-e-type=\"widget\" data-widget_type=\"heading.default\">\n\t\t\t\t<div class=\"elementor-widget-container\">\n\t\t\t\t\t<h6 class=\"elementor-heading-title elementor-size-default\">Galerie des \u00e9v\u00e9nements 2023<\/h6>\t\t\t\t<\/div>\n\t\t\t\t<\/div>\n\t\t\t\t<\/a>\n\t\t<a class=\"elementor-element elementor-element-f8f608a e-con-full e-flex e-con e-child\" data-id=\"f8f608a\" data-element_type=\"container\" data-e-type=\"container\">\n\t\t\t\t<div class=\"elementor-element elementor-element-7a6e623 elementor-widget elementor-widget-image\" data-id=\"7a6e623\" data-element_type=\"widget\" data-e-type=\"widget\" data-widget_type=\"image.default\">\n\t\t\t\t<div class=\"elementor-widget-container\">\n\t\t\t\t\t\t\t\t\t\t\t\t\t\t\t<img decoding=\"async\" width=\"1000\" height=\"668\" src=\"https:\/\/africappp.com\/wp-content\/uploads\/2022\/08\/dsc_6772.jpg\" class=\"attachment-full size-full wp-image-9704\" alt=\"\" srcset=\"https:\/\/africappp.com\/wp-content\/uploads\/2022\/08\/dsc_6772.jpg 1000w, https:\/\/africappp.com\/wp-content\/uploads\/2022\/08\/dsc_6772-250x167.jpg 250w, https:\/\/africappp.com\/wp-content\/uploads\/2022\/08\/dsc_6772-700x468.jpg 700w, https:\/\/africappp.com\/wp-content\/uploads\/2022\/08\/dsc_6772-768x513.jpg 768w, https:\/\/africappp.com\/wp-content\/uploads\/2022\/08\/dsc_6772-120x80.jpg 120w\" sizes=\"(max-width: 1000px) 100vw, 1000px\" \/>\t\t\t\t\t\t\t\t\t\t\t\t\t\t\t<\/div>\n\t\t\t\t<\/div>\n\t\t\t\t<div class=\"elementor-element elementor-element-e9d67cd elementor-widget elementor-widget-heading\" data-id=\"e9d67cd\" data-element_type=\"widget\" data-e-type=\"widget\" data-widget_type=\"heading.default\">\n\t\t\t\t<div class=\"elementor-widget-container\">\n\t\t\t\t\t<h6 class=\"elementor-heading-title elementor-size-default\">Galerie des \u00e9v\u00e9nements 2022<\/h6>\t\t\t\t<\/div>\n\t\t\t\t<\/div>\n\t\t\t\t<\/a>\n\t\t<a class=\"elementor-element elementor-element-650e47e e-con-full e-flex e-con e-child\" data-id=\"650e47e\" data-element_type=\"container\" data-e-type=\"container\">\n\t\t\t\t<div class=\"elementor-element elementor-element-78c221e elementor-widget elementor-widget-image\" data-id=\"78c221e\" data-element_type=\"widget\" data-e-type=\"widget\" data-widget_type=\"image.default\">\n\t\t\t\t<div class=\"elementor-widget-container\">\n\t\t\t\t\t\t\t\t\t\t\t\t\t\t\t<img decoding=\"async\" src=\"https:\/\/africappp.com\/wp-content\/uploads\/elementor\/thumbs\/PIAfrica-2021-speakers-16-1-qnba82g3g7uv64k4r2t3w9df98spxqzxk3e8zu9n40.jpg\" title=\"PIAfrica-2021-speakers-16 (1)\" alt=\"PIAfrica-2021-speakers-16 (1)\" loading=\"lazy\" \/>\t\t\t\t\t\t\t\t\t\t\t\t\t\t\t<\/div>\n\t\t\t\t<\/div>\n\t\t\t\t<div class=\"elementor-element elementor-element-f0881fd elementor-widget elementor-widget-heading\" data-id=\"f0881fd\" data-element_type=\"widget\" data-e-type=\"widget\" data-widget_type=\"heading.default\">\n\t\t\t\t<div class=\"elementor-widget-container\">\n\t\t\t\t\t<h6 class=\"elementor-heading-title elementor-size-default\">Galerie des \u00e9v\u00e9nements 2021<\/h6>\t\t\t\t<\/div>\n\t\t\t\t<\/div>\n\t\t\t\t<\/a>\n\t\t<a class=\"elementor-element elementor-element-d4ed18b e-con-full e-flex e-con e-child\" data-id=\"d4ed18b\" data-element_type=\"container\" data-e-type=\"container\">\n\t\t\t\t<div class=\"elementor-element elementor-element-49ad7ad elementor-widget elementor-widget-image\" data-id=\"49ad7ad\" data-element_type=\"widget\" data-e-type=\"widget\" data-widget_type=\"image.default\">\n\t\t\t\t<div class=\"elementor-widget-container\">\n\t\t\t\t\t\t\t\t\t\t\t\t\t\t\t<img loading=\"lazy\" decoding=\"async\" width=\"800\" height=\"534\" src=\"https:\/\/africappp.com\/wp-content\/uploads\/2019\/10\/Pension-Fund-Africa-2019-15-of-27-4-1024x684.jpg\" class=\"attachment-large size-large wp-image-9300\" alt=\"\" srcset=\"https:\/\/africappp.com\/wp-content\/uploads\/2019\/10\/Pension-Fund-Africa-2019-15-of-27-4-1024x684.jpg 1024w, https:\/\/africappp.com\/wp-content\/uploads\/2019\/10\/Pension-Fund-Africa-2019-15-of-27-4-1024x684-300x200.jpg 300w, https:\/\/africappp.com\/wp-content\/uploads\/2019\/10\/Pension-Fund-Africa-2019-15-of-27-4-1024x684-768x513.jpg 768w\" sizes=\"(max-width: 800px) 100vw, 800px\" \/>\t\t\t\t\t\t\t\t\t\t\t\t\t\t\t<\/div>\n\t\t\t\t<\/div>\n\t\t\t\t<div class=\"elementor-element elementor-element-da487a8 elementor-widget elementor-widget-heading\" data-id=\"da487a8\" data-element_type=\"widget\" data-e-type=\"widget\" data-widget_type=\"heading.default\">\n\t\t\t\t<div class=\"elementor-widget-container\">\n\t\t\t\t\t<h6 class=\"elementor-heading-title elementor-size-default\">Galerie des \u00e9v\u00e9nements 2019<\/h6>\t\t\t\t<\/div>\n\t\t\t\t<\/div>\n\t\t\t\t<\/a>\n\t\t<a class=\"elementor-element elementor-element-35a1db4 e-con-full e-flex e-con e-child\" data-id=\"35a1db4\" data-element_type=\"container\" data-e-type=\"container\">\n\t\t\t\t<div class=\"elementor-element elementor-element-6436671 elementor-widget elementor-widget-image\" data-id=\"6436671\" data-element_type=\"widget\" data-e-type=\"widget\" data-widget_type=\"image.default\">\n\t\t\t\t<div class=\"elementor-widget-container\">\n\t\t\t\t\t\t\t\t\t\t\t\t\t\t\t<img loading=\"lazy\" decoding=\"async\" width=\"800\" height=\"534\" src=\"https:\/\/africappp.com\/wp-content\/uploads\/2019\/10\/PensionFund2018221of230-1024x684.jpg\" class=\"attachment-large size-large wp-image-9352\" alt=\"\" srcset=\"https:\/\/africappp.com\/wp-content\/uploads\/2019\/10\/PensionFund2018221of230-1024x684.jpg 1024w, https:\/\/africappp.com\/wp-content\/uploads\/2019\/10\/PensionFund2018221of230-1024x684-300x200.jpg 300w, https:\/\/africappp.com\/wp-content\/uploads\/2019\/10\/PensionFund2018221of230-1024x684-768x513.jpg 768w\" sizes=\"(max-width: 800px) 100vw, 800px\" \/>\t\t\t\t\t\t\t\t\t\t\t\t\t\t\t<\/div>\n\t\t\t\t<\/div>\n\t\t\t\t<div class=\"elementor-element elementor-element-a2ead9e elementor-widget elementor-widget-heading\" data-id=\"a2ead9e\" data-element_type=\"widget\" data-e-type=\"widget\" data-widget_type=\"heading.default\">\n\t\t\t\t<div class=\"elementor-widget-container\">\n\t\t\t\t\t<h6 class=\"elementor-heading-title elementor-size-default\">Galerie des \u00e9v\u00e9nements 2018<\/h6>\t\t\t\t<\/div>\n\t\t\t\t<\/div>\n\t\t\t\t<\/a>\n\t\t\t\t\t<\/div>\n\t\t\t\t<\/a>\n\t\t\t\t\t<\/div>\n\t\t\t\t<\/div>\n\t\t<div class=\"elementor-element elementor-element-b46d806 elementor-hidden-desktop elementor-hidden-tablet elementor-hidden-mobile e-flex e-con-boxed e-con e-parent\" data-id=\"b46d806\" data-element_type=\"container\" data-e-type=\"container\">\n\t\t\t\t\t<div class=\"e-con-inner\">\n\t\t<div class=\"elementor-element elementor-element-98111b5 e-con-full e-flex e-con e-child\" data-id=\"98111b5\" data-element_type=\"container\" data-e-type=\"container\">\n\t\t<div class=\"elementor-element elementor-element-5db80ce e-con-full e-flex e-con e-child\" data-id=\"5db80ce\" data-element_type=\"container\" data-e-type=\"container\">\n\t\t<div class=\"elementor-element elementor-element-09f2579 e-con-full e-flex elementor-invisible e-con e-child\" data-id=\"09f2579\" data-element_type=\"container\" data-e-type=\"container\" data-settings=\"{&quot;animation&quot;:&quot;fadeInUp&quot;,&quot;animation_delay&quot;:200}\">\n\t\t\t\t<div class=\"elementor-element elementor-element-9c53cf9 elementor-cta--valign-middle elementor-cta--skin-classic elementor-animated-content elementor-bg-transform elementor-bg-transform-zoom-in elementor-widget elementor-widget-call-to-action\" data-id=\"9c53cf9\" data-element_type=\"widget\" data-e-type=\"widget\" data-widget_type=\"call-to-action.default\">\n\t\t\t\t<div class=\"elementor-widget-container\">\n\t\t\t\t\t\t\t<div class=\"elementor-cta\">\n\t\t\t\t\t<div class=\"elementor-cta__bg-wrapper\">\n\t\t\t\t<div class=\"elementor-cta__bg elementor-bg\" style=\"background-image: url(https:\/\/africappp.com\/wp-content\/uploads\/2023\/03\/DSC07069.jpg);\" role=\"img\" aria-label=\"DSC07069\"><\/div>\n\t\t\t\t<div class=\"elementor-cta__bg-overlay\"><\/div>\n\t\t\t<\/div>\n\t\t\t\t\t\t\t<div class=\"elementor-cta__content\">\n\t\t\t\t\n\t\t\t\t\t\t\t\t\t<div class=\"elementor-cta__title elementor-cta__content-item elementor-content-item\">\n\t\t\t\t\t\tGalerie des \u00e9v\u00e9nements 2023\t\t\t\t\t<\/div>\n\t\t\t\t\n\t\t\t\t\n\t\t\t\t\t\t\t<\/div>\n\t\t\t\t\t\t<\/div>\n\t\t\t\t\t\t<\/div>\n\t\t\t\t<\/div>\n\t\t\t\t<\/div>\n\t\t<div class=\"elementor-element elementor-element-60c0cb9 e-con-full e-flex elementor-invisible e-con e-child\" data-id=\"60c0cb9\" data-element_type=\"container\" data-e-type=\"container\" data-settings=\"{&quot;animation&quot;:&quot;fadeInUp&quot;,&quot;animation_delay&quot;:200}\">\n\t\t\t\t<div class=\"elementor-element elementor-element-b7ba121 elementor-cta--valign-middle elementor-cta--skin-classic elementor-animated-content elementor-bg-transform elementor-bg-transform-zoom-in elementor-widget elementor-widget-call-to-action\" data-id=\"b7ba121\" data-element_type=\"widget\" data-e-type=\"widget\" data-widget_type=\"call-to-action.default\">\n\t\t\t\t<div class=\"elementor-widget-container\">\n\t\t\t\t\t\t\t<div class=\"elementor-cta\">\n\t\t\t\t\t<div class=\"elementor-cta__bg-wrapper\">\n\t\t\t\t<div class=\"elementor-cta__bg elementor-bg\" style=\"background-image: url(https:\/\/africappp.com\/wp-content\/uploads\/2022\/08\/dsc_6772.jpg);\" role=\"img\" aria-label=\"dsc_6772\"><\/div>\n\t\t\t\t<div class=\"elementor-cta__bg-overlay\"><\/div>\n\t\t\t<\/div>\n\t\t\t\t\t\t\t<div class=\"elementor-cta__content\">\n\t\t\t\t\n\t\t\t\t\t\t\t\t\t<div class=\"elementor-cta__title elementor-cta__content-item elementor-content-item\">\n\t\t\t\t\t\tGalerie des \u00e9v\u00e9nements 2022\t\t\t\t\t<\/div>\n\t\t\t\t\n\t\t\t\t\n\t\t\t\t\t\t\t<\/div>\n\t\t\t\t\t\t<\/div>\n\t\t\t\t\t\t<\/div>\n\t\t\t\t<\/div>\n\t\t\t\t<\/div>\n\t\t<div class=\"elementor-element elementor-element-ed06c8f e-con-full e-flex elementor-invisible e-con e-child\" data-id=\"ed06c8f\" data-element_type=\"container\" data-e-type=\"container\" data-settings=\"{&quot;animation&quot;:&quot;fadeInUp&quot;}\">\n\t\t\t\t<div class=\"elementor-element elementor-element-fd5c0b9 elementor-cta--valign-middle elementor-cta--skin-classic elementor-animated-content elementor-bg-transform elementor-bg-transform-zoom-in elementor-widget elementor-widget-call-to-action\" data-id=\"fd5c0b9\" data-element_type=\"widget\" data-e-type=\"widget\" data-widget_type=\"call-to-action.default\">\n\t\t\t\t<div class=\"elementor-widget-container\">\n\t\t\t\t\t\t\t<div class=\"elementor-cta\">\n\t\t\t\t\t<div class=\"elementor-cta__bg-wrapper\">\n\t\t\t\t<div class=\"elementor-cta__bg elementor-bg\" style=\"background-image: url(https:\/\/africappp.com\/wp-content\/uploads\/elementor\/thumbs\/PIAfrica-2021-speakers-16-1-p5sx01zu1izea4p8tl92v0f17ch01g5wfwzapch5q8.jpg);\" role=\"img\" aria-label=\"\"><\/div>\n\t\t\t\t<div class=\"elementor-cta__bg-overlay\"><\/div>\n\t\t\t<\/div>\n\t\t\t\t\t\t\t<div class=\"elementor-cta__content\">\n\t\t\t\t\n\t\t\t\t\t\t\t\t\t<div class=\"elementor-cta__title elementor-cta__content-item elementor-content-item\">\n\t\t\t\t\t\tGalerie des \u00e9v\u00e9nements 2021\t\t\t\t\t<\/div>\n\t\t\t\t\n\t\t\t\t\n\t\t\t\t\t\t\t<\/div>\n\t\t\t\t\t\t<\/div>\n\t\t\t\t\t\t<\/div>\n\t\t\t\t<\/div>\n\t\t\t\t<\/div>\n\t\t<div class=\"elementor-element elementor-element-cf413ea e-con-full e-flex elementor-invisible e-con e-child\" data-id=\"cf413ea\" data-element_type=\"container\" data-e-type=\"container\" data-settings=\"{&quot;animation&quot;:&quot;fadeInUp&quot;,&quot;animation_delay&quot;:400}\">\n\t\t\t\t<div class=\"elementor-element elementor-element-0dfa9b6 elementor-cta--valign-middle elementor-cta--skin-classic elementor-animated-content elementor-bg-transform elementor-bg-transform-zoom-in elementor-widget elementor-widget-call-to-action\" data-id=\"0dfa9b6\" data-element_type=\"widget\" data-e-type=\"widget\" data-widget_type=\"call-to-action.default\">\n\t\t\t\t<div class=\"elementor-widget-container\">\n\t\t\t\t\t\t\t<div class=\"elementor-cta\">\n\t\t\t\t\t<div class=\"elementor-cta__bg-wrapper\">\n\t\t\t\t<div class=\"elementor-cta__bg elementor-bg\" style=\"background-image: url(https:\/\/africappp.com\/wp-content\/uploads\/2019\/10\/Pension-Fund-Africa-2019-15-of-27-4-1024x684-700x468.jpg);\" role=\"img\" aria-label=\"\"><\/div>\n\t\t\t\t<div class=\"elementor-cta__bg-overlay\"><\/div>\n\t\t\t<\/div>\n\t\t\t\t\t\t\t<div class=\"elementor-cta__content\">\n\t\t\t\t\n\t\t\t\t\t\t\t\t\t<div class=\"elementor-cta__title elementor-cta__content-item elementor-content-item\">\n\t\t\t\t\t\tGalerie des \u00e9v\u00e9nements 2019\t\t\t\t\t<\/div>\n\t\t\t\t\n\t\t\t\t\n\t\t\t\t\t\t\t<\/div>\n\t\t\t\t\t\t<\/div>\n\t\t\t\t\t\t<\/div>\n\t\t\t\t<\/div>\n\t\t\t\t<\/div>\n\t\t<div class=\"elementor-element elementor-element-588cd6c e-con-full e-flex elementor-invisible e-con e-child\" data-id=\"588cd6c\" data-element_type=\"container\" data-e-type=\"container\" data-settings=\"{&quot;animation&quot;:&quot;fadeInUp&quot;,&quot;animation_delay&quot;:400}\">\n\t\t\t\t<div class=\"elementor-element elementor-element-3bdb645 elementor-cta--valign-middle elementor-cta--skin-classic elementor-animated-content elementor-bg-transform elementor-bg-transform-zoom-in elementor-widget elementor-widget-call-to-action\" data-id=\"3bdb645\" data-element_type=\"widget\" data-e-type=\"widget\" data-widget_type=\"call-to-action.default\">\n\t\t\t\t<div class=\"elementor-widget-container\">\n\t\t\t\t\t\t\t<div class=\"elementor-cta\">\n\t\t\t\t\t<div class=\"elementor-cta__bg-wrapper\">\n\t\t\t\t<div class=\"elementor-cta__bg elementor-bg\" style=\"background-image: url(https:\/\/africappp.com\/wp-content\/uploads\/2019\/10\/PensionFund2018221of230-1024x684-700x468.jpg);\" role=\"img\" aria-label=\"\"><\/div>\n\t\t\t\t<div class=\"elementor-cta__bg-overlay\"><\/div>\n\t\t\t<\/div>\n\t\t\t\t\t\t\t<div class=\"elementor-cta__content\">\n\t\t\t\t\n\t\t\t\t\t\t\t\t\t<div class=\"elementor-cta__title elementor-cta__content-item elementor-content-item\">\n\t\t\t\t\t\tGalerie des \u00e9v\u00e9nements 2018\t\t\t\t\t<\/div>\n\t\t\t\t\n\t\t\t\t\n\t\t\t\t\t\t\t<\/div>\n\t\t\t\t\t\t<\/div>\n\t\t\t\t\t\t<\/div>\n\t\t\t\t<\/div>\n\t\t\t\t<\/div>\n\t\t\t\t<\/div>\n\t\t\t\t<\/div>\n\t\t\t\t\t<\/div>\n\t\t\t\t<\/div>\n\t\t\t\t<\/div>\n\t\t","protected":false},"excerpt":{"rendered":"<p>Galerie des \u00e9v\u00e9nements 2023 Galerie des \u00e9v\u00e9nements 2022 Galerie des \u00e9v\u00e9nements 2021 Galerie des \u00e9v\u00e9nements 2019 Galerie des \u00e9v\u00e9nements 2018 Galerie des \u00e9v\u00e9nements 2023 Galerie des \u00e9v\u00e9nements 2022 Galerie des \u00e9v\u00e9nements 2021 Galerie des \u00e9v\u00e9nements 2019 Galerie des \u00e9v\u00e9nements 2018<\/p>\n","protected":false},"author":7,"featured_media":0,"parent":0,"menu_order":0,"comment_status":"closed","ping_status":"closed","template":"","meta":{"_uf_show_specific_survey":0,"_uf_disable_surveys":false,"footnotes":""},"class_list":["post-9046","page","type-page","status-publish","hentry"],"_links":{"self":[{"href":"https:\/\/africappp.com\/fr\/wp-json\/wp\/v2\/pages\/9046","targetHints":{"allow":["GET"]}}],"collection":[{"href":"https:\/\/africappp.com\/fr\/wp-json\/wp\/v2\/pages"}],"about":[{"href":"https:\/\/africappp.com\/fr\/wp-json\/wp\/v2\/types\/page"}],"author":[{"embeddable":true,"href":"https:\/\/africappp.com\/fr\/wp-json\/wp\/v2\/users\/7"}],"replies":[{"embeddable":true,"href":"https:\/\/africappp.com\/fr\/wp-json\/wp\/v2\/comments?post=9046"}],"version-history":[{"count":1,"href":"https:\/\/africappp.com\/fr\/wp-json\/wp\/v2\/pages\/9046\/revisions"}],"predecessor-version":[{"id":9047,"href":"https:\/\/africappp.com\/fr\/wp-json\/wp\/v2\/pages\/9046\/revisions\/9047"}],"wp:attachment":[{"href":"https:\/\/africappp.com\/fr\/wp-json\/wp\/v2\/media?parent=9046"}],"curies":[{"name":"wp","href":"https:\/\/api.w.org\/{rel}","templated":true}]}}