{"id":14134,"date":"2025-06-06T08:51:15","date_gmt":"2025-06-06T08:51:15","guid":{"rendered":"https:\/\/africappp.com\/rapport-post-evenement\/"},"modified":"2025-06-09T14:23:46","modified_gmt":"2025-06-09T14:23:46","slug":"rapport-post-evenement","status":"publish","type":"page","link":"https:\/\/africappp.com\/fr\/rapport-post-evenement\/","title":{"rendered":"Rapport post-\u00e9v\u00e9nement"},"content":{"rendered":"\t\t<div data-elementor-type=\"wp-page\" data-elementor-id=\"14134\" class=\"elementor elementor-14134 elementor-11563\" data-elementor-post-type=\"page\">\n\t\t\t\t<div class=\"elementor-element elementor-element-d83995 e-flex e-con-boxed e-con e-parent\" data-id=\"d83995\" data-element_type=\"container\" data-e-type=\"container\">\n\t\t\t\t\t<div class=\"e-con-inner\">\n\t\t<div class=\"elementor-element elementor-element-e74fde7 e-flex e-con-boxed e-con e-child\" data-id=\"e74fde7\" data-element_type=\"container\" data-e-type=\"container\">\n\t\t\t\t\t<div class=\"e-con-inner\">\n\t\t\t\t<div class=\"elementor-element elementor-element-a69e42b elementor-widget elementor-widget-heading\" data-id=\"a69e42b\" data-element_type=\"widget\" data-e-type=\"widget\" data-widget_type=\"heading.default\">\n\t\t\t\t<div class=\"elementor-widget-container\">\n\t\t\t\t\t<h2 class=\"elementor-heading-title elementor-size-default\">Merci pour votre demande !<\/h2>\t\t\t\t<\/div>\n\t\t\t\t<\/div>\n\t\t\t\t<div class=\"elementor-element elementor-element-cc6fbd1 elementor-widget elementor-widget-text-editor\" data-id=\"cc6fbd1\" data-element_type=\"widget\" data-e-type=\"widget\" data-widget_type=\"text-editor.default\">\n\t\t\t\t<div class=\"elementor-widget-container\">\n\t\t\t\t\t\t\t\t\t<p>Cliquez sur le bouton ci-dessous pour t\u00e9l\u00e9charger le rapport post-\u00e9v\u00e9nement de l&rsquo;APPP.<\/p>\t\t\t\t\t\t\t\t<\/div>\n\t\t\t\t<\/div>\n\t\t\t\t<div class=\"elementor-element elementor-element-154e7ef elementor-align-center elementor-widget elementor-widget-button\" data-id=\"154e7ef\" data-element_type=\"widget\" data-e-type=\"widget\" data-widget_type=\"button.default\">\n\t\t\t\t<div class=\"elementor-widget-container\">\n\t\t\t\t\t\t\t\t\t<div class=\"elementor-button-wrapper\">\n\t\t\t\t\t<a class=\"elementor-button elementor-button-link elementor-size-md\" href=\"https:\/\/africappp.com\/download\/14164\/?tmstv=1749478989\">\n\t\t\t\t\t\t<span class=\"elementor-button-content-wrapper\">\n\t\t\t\t\t\t\t\t\t<span class=\"elementor-button-text\">T\u00e9l\u00e9chargez le rapport post-\u00e9v\u00e9nement<\/span>\n\t\t\t\t\t<\/span>\n\t\t\t\t\t<\/a>\n\t\t\t\t<\/div>\n\t\t\t\t\t\t\t\t<\/div>\n\t\t\t\t<\/div>\n\t\t\t\t\t<\/div>\n\t\t\t\t<\/div>\n\t\t\t\t\t<\/div>\n\t\t\t\t<\/div>\n\t\t\t\t<\/div>\n\t\t","protected":false},"excerpt":{"rendered":"<p>Merci pour votre demande ! Cliquez sur le bouton ci-dessous pour t\u00e9l\u00e9charger le rapport post-\u00e9v\u00e9nement de l&rsquo;APPP. T\u00e9l\u00e9chargez le rapport post-\u00e9v\u00e9nement<\/p>\n","protected":false},"author":11,"featured_media":0,"parent":0,"menu_order":0,"comment_status":"closed","ping_status":"closed","template":"","meta":{"_uf_show_specific_survey":0,"_uf_disable_surveys":false,"footnotes":""},"class_list":["post-14134","page","type-page","status-publish","hentry"],"_links":{"self":[{"href":"https:\/\/africappp.com\/fr\/wp-json\/wp\/v2\/pages\/14134","targetHints":{"allow":["GET"]}}],"collection":[{"href":"https:\/\/africappp.com\/fr\/wp-json\/wp\/v2\/pages"}],"about":[{"href":"https:\/\/africappp.com\/fr\/wp-json\/wp\/v2\/types\/page"}],"author":[{"embeddable":true,"href":"https:\/\/africappp.com\/fr\/wp-json\/wp\/v2\/users\/11"}],"replies":[{"embeddable":true,"href":"https:\/\/africappp.com\/fr\/wp-json\/wp\/v2\/comments?post=14134"}],"version-history":[{"count":4,"href":"https:\/\/africappp.com\/fr\/wp-json\/wp\/v2\/pages\/14134\/revisions"}],"predecessor-version":[{"id":14170,"href":"https:\/\/africappp.com\/fr\/wp-json\/wp\/v2\/pages\/14134\/revisions\/14170"}],"wp:attachment":[{"href":"https:\/\/africappp.com\/fr\/wp-json\/wp\/v2\/media?parent=14134"}],"curies":[{"name":"wp","href":"https:\/\/api.w.org\/{rel}","templated":true}]}}