{"id":13270,"date":"2024-10-28T08:59:09","date_gmt":"2024-10-28T08:59:09","guid":{"rendered":"https:\/\/africappp.com\/partenaire\/"},"modified":"2025-08-13T09:34:38","modified_gmt":"2025-08-13T09:34:38","slug":"sponsor-appp","status":"publish","type":"page","link":"https:\/\/africappp.com\/fr\/sponsor-appp\/","title":{"rendered":"Participer"},"content":{"rendered":"\t\t<div data-elementor-type=\"wp-page\" data-elementor-id=\"13270\" class=\"elementor elementor-13270 elementor-12549\" data-elementor-post-type=\"page\">\n\t\t\t\t<div class=\"elementor-element elementor-element-e5dca10 e-flex e-con-boxed e-con e-parent\" data-id=\"e5dca10\" data-element_type=\"container\" data-e-type=\"container\" data-settings=\"{&quot;background_background&quot;:&quot;classic&quot;}\">\n\t\t\t\t\t<div class=\"e-con-inner\">\n\t\t<div class=\"elementor-element elementor-element-eb6b6fc e-con-full e-flex e-con e-child\" data-id=\"eb6b6fc\" data-element_type=\"container\" data-e-type=\"container\" data-settings=\"{&quot;background_background&quot;:&quot;classic&quot;}\">\n\t\t\t\t<div class=\"elementor-element elementor-element-16e8aa3 elementor-invisible elementor-widget elementor-widget-image\" data-id=\"16e8aa3\" data-element_type=\"widget\" data-e-type=\"widget\" data-settings=\"{&quot;_animation&quot;:&quot;fadeInUp&quot;}\" data-widget_type=\"image.default\">\n\t\t\t\t<div class=\"elementor-widget-container\">\n\t\t\t\t\t\t\t\t\t\t\t\t\t\t\t<img fetchpriority=\"high\" decoding=\"async\" width=\"1920\" height=\"1278\" src=\"https:\/\/africappp.com\/wp-content\/uploads\/2025\/04\/Delegates.jpg\" class=\"attachment-full size-full wp-image-13682\" alt=\"\" srcset=\"https:\/\/africappp.com\/wp-content\/uploads\/2025\/04\/Delegates.jpg 1920w, https:\/\/africappp.com\/wp-content\/uploads\/2025\/04\/Delegates-300x200.jpg 300w, https:\/\/africappp.com\/wp-content\/uploads\/2025\/04\/Delegates-1024x682.jpg 1024w, https:\/\/africappp.com\/wp-content\/uploads\/2025\/04\/Delegates-768x511.jpg 768w, https:\/\/africappp.com\/wp-content\/uploads\/2025\/04\/Delegates-1536x1022.jpg 1536w\" sizes=\"(max-width: 1920px) 100vw, 1920px\" \/>\t\t\t\t\t\t\t\t\t\t\t\t\t\t\t<\/div>\n\t\t\t\t<\/div>\n\t\t\t\t<\/div>\n\t\t<div class=\"elementor-element elementor-element-bce5d28 e-con-full e-flex elementor-invisible e-con e-child\" data-id=\"bce5d28\" data-element_type=\"container\" data-e-type=\"container\" data-settings=\"{&quot;animation&quot;:&quot;fadeInLeft&quot;,&quot;background_background&quot;:&quot;classic&quot;}\">\n\t\t\t\t<div class=\"elementor-element elementor-element-21e43b1 elementor-widget elementor-widget-heading\" data-id=\"21e43b1\" data-element_type=\"widget\" data-e-type=\"widget\" data-widget_type=\"heading.default\">\n\t\t\t\t<div class=\"elementor-widget-container\">\n\t\t\t\t\t<h2 class=\"elementor-heading-title elementor-size-default\">PARTICIPER EN TANT QUE D\u00c9L\u00c9GU\u00c9\n<\/h2>\t\t\t\t<\/div>\n\t\t\t\t<\/div>\n\t\t\t\t<div class=\"elementor-element elementor-element-8e8bd82 elementor-widget elementor-widget-text-editor\" data-id=\"8e8bd82\" data-element_type=\"widget\" data-e-type=\"widget\" data-widget_type=\"text-editor.default\">\n\t\t\t\t<div class=\"elementor-widget-container\">\n\t\t\t\t\t\t\t\t\t<p>Participez en tant que d\u00e9l\u00e9gu\u00e9 et \u00e9changez avec un public de classe mondiale compos\u00e9 de plus de 300 participants pr\u00eats \u00e0 faire des affaires. Interagissez avec les principaux fonds de pension africains et internationaux, des soci\u00e9t\u00e9s d&rsquo;investissement alternatives et des leaders d&rsquo;opinion mondiaux pour approfondir le d\u00e9veloppement du secteur des fonds de pension et des investissements. <\/p><p><b>Pourquoi participer ?<\/b><\/p><p><b>Profitez <\/b>d\u2019un<b> <\/b>acc\u00e8s complet \u00e0 des sessions de conf\u00e9rence interactives et riches en contenu, ainsi qu\u2019\u00e0 des activit\u00e9s de r\u00e9seautage social stimulantes.<\/p><p><b>D\u00e9veloppez <\/b>des relations pr\u00e9cieuses et \u00e9largissez votre r\u00e9seau ainsi que vos connaissances sur l\u2019espace d\u2019investissement en Afrique et l\u2019allocation des fonds de pension.<\/p><p><b>Explorez <\/b>les tendances \u00e9mergentes et les opportunit\u00e9s au sein des diff\u00e9rents fonds de pension \u00e0 travers l\u2019Afrique.<\/p><p><b>Comprenez <\/b>comment les m\u00e9ga-tendances mondiales ainsi que les \u00e9volutions r\u00e9glementaires et politiques r\u00e9gionales peuvent influencer l\u2019allocation des investissements.<\/p><p><b>Obtenez <\/b>des informations pr\u00e9cieuses aupr\u00e8s des parties prenantes et des experts cl\u00e9s.<\/p>\t\t\t\t\t\t\t\t<\/div>\n\t\t\t\t<\/div>\n\t\t\t\t<div class=\"elementor-element elementor-element-33d88f3 elementor-align-left elementor-widget elementor-widget-button\" data-id=\"33d88f3\" data-element_type=\"widget\" data-e-type=\"widget\" data-widget_type=\"button.default\">\n\t\t\t\t<div class=\"elementor-widget-container\">\n\t\t\t\t\t\t\t\t\t<div class=\"elementor-button-wrapper\">\n\t\t\t\t\t<a class=\"elementor-button elementor-button-link elementor-size-md\" href=\"https:\/\/africappp.com\/fr\/contactez-nous\/\">\n\t\t\t\t\t\t<span class=\"elementor-button-content-wrapper\">\n\t\t\t\t\t\t\t\t\t<span class=\"elementor-button-text\">Contactez-nous<\/span>\n\t\t\t\t\t<\/span>\n\t\t\t\t\t<\/a>\n\t\t\t\t<\/div>\n\t\t\t\t\t\t\t\t<\/div>\n\t\t\t\t<\/div>\n\t\t\t\t<\/div>\n\t\t\t\t\t<\/div>\n\t\t\t\t<\/div>\n\t\t<div class=\"elementor-element elementor-element-e845d6a e-flex e-con-boxed e-con e-parent\" data-id=\"e845d6a\" data-element_type=\"container\" data-e-type=\"container\" data-settings=\"{&quot;background_background&quot;:&quot;classic&quot;}\">\n\t\t\t\t\t<div class=\"e-con-inner\">\n\t\t<div class=\"elementor-element elementor-element-213fb45 e-con-full e-flex e-con e-child\" data-id=\"213fb45\" data-element_type=\"container\" data-e-type=\"container\">\n\t\t<div class=\"elementor-element elementor-element-8ac3c08 e-con-full e-flex elementor-invisible e-con e-child\" data-id=\"8ac3c08\" data-element_type=\"container\" data-e-type=\"container\" data-settings=\"{&quot;animation&quot;:&quot;fadeInLeft&quot;,&quot;background_background&quot;:&quot;classic&quot;}\">\n\t\t\t\t<div class=\"elementor-element elementor-element-906d127 elementor-widget elementor-widget-heading\" data-id=\"906d127\" data-element_type=\"widget\" data-e-type=\"widget\" data-widget_type=\"heading.default\">\n\t\t\t\t<div class=\"elementor-widget-container\">\n\t\t\t\t\t<h2 class=\"elementor-heading-title elementor-size-default\">SPONSOR\n<\/h2>\t\t\t\t<\/div>\n\t\t\t\t<\/div>\n\t\t\t\t<div class=\"elementor-element elementor-element-46c4a8b elementor-widget elementor-widget-text-editor\" data-id=\"46c4a8b\" data-element_type=\"widget\" data-e-type=\"widget\" data-widget_type=\"text-editor.default\">\n\t\t\t\t<div class=\"elementor-widget-container\">\n\t\t\t\t\t\t\t\t\t<p>Consolidez votre statut de leader incontournable de l\u2019industrie en parrainant l\u2019\u00e9v\u00e9nement. Nous travaillerons avec vous pour cr\u00e9er un forfait sur mesure, adapt\u00e9 \u00e0 vos besoins et \u00e0 votre budget, tout en garantissant un excellent retour sur investissement. <\/p>\t\t\t\t\t\t\t\t<\/div>\n\t\t\t\t<\/div>\n\t\t\t\t<div class=\"elementor-element elementor-element-ecc2627 elementor-align-left elementor-widget elementor-widget-button\" data-id=\"ecc2627\" data-element_type=\"widget\" data-e-type=\"widget\" data-widget_type=\"button.default\">\n\t\t\t\t<div class=\"elementor-widget-container\">\n\t\t\t\t\t\t\t\t\t<div class=\"elementor-button-wrapper\">\n\t\t\t\t\t<a class=\"elementor-button elementor-button-link elementor-size-md\" href=\"https:\/\/africappp.com\/fr\/contactez-nous\/\">\n\t\t\t\t\t\t<span class=\"elementor-button-content-wrapper\">\n\t\t\t\t\t\t\t\t\t<span class=\"elementor-button-text\">Contactez notre \u00e9quipe<\/span>\n\t\t\t\t\t<\/span>\n\t\t\t\t\t<\/a>\n\t\t\t\t<\/div>\n\t\t\t\t\t\t\t\t<\/div>\n\t\t\t\t<\/div>\n\t\t\t\t<\/div>\n\t\t<div class=\"elementor-element elementor-element-9a2c2a6 e-con-full e-flex e-con e-child\" data-id=\"9a2c2a6\" data-element_type=\"container\" data-e-type=\"container\" data-settings=\"{&quot;background_background&quot;:&quot;classic&quot;}\">\n\t\t\t\t<div class=\"elementor-element elementor-element-e14f212 elementor-invisible elementor-widget elementor-widget-image\" data-id=\"e14f212\" data-element_type=\"widget\" data-e-type=\"widget\" data-settings=\"{&quot;_animation&quot;:&quot;fadeInUp&quot;}\" data-widget_type=\"image.default\">\n\t\t\t\t<div class=\"elementor-widget-container\">\n\t\t\t\t\t\t\t\t\t\t\t\t\t\t\t<img decoding=\"async\" width=\"1920\" height=\"1278\" src=\"https:\/\/africappp.com\/wp-content\/uploads\/2025\/04\/sponsors.jpg\" class=\"attachment-full size-full wp-image-13684\" alt=\"\" srcset=\"https:\/\/africappp.com\/wp-content\/uploads\/2025\/04\/sponsors.jpg 1920w, https:\/\/africappp.com\/wp-content\/uploads\/2025\/04\/sponsors-300x200.jpg 300w, https:\/\/africappp.com\/wp-content\/uploads\/2025\/04\/sponsors-1024x682.jpg 1024w, https:\/\/africappp.com\/wp-content\/uploads\/2025\/04\/sponsors-768x511.jpg 768w, https:\/\/africappp.com\/wp-content\/uploads\/2025\/04\/sponsors-1536x1022.jpg 1536w\" sizes=\"(max-width: 1920px) 100vw, 1920px\" \/>\t\t\t\t\t\t\t\t\t\t\t\t\t\t\t<\/div>\n\t\t\t\t<\/div>\n\t\t\t\t<\/div>\n\t\t\t\t<\/div>\n\t\t<div class=\"elementor-element elementor-element-2e39c4a e-con-full e-flex e-con e-child\" data-id=\"2e39c4a\" data-element_type=\"container\" data-e-type=\"container\">\n\t\t\t\t<div class=\"elementor-element elementor-element-3b48d7e elementor-widget elementor-widget-heading\" data-id=\"3b48d7e\" data-element_type=\"widget\" data-e-type=\"widget\" data-widget_type=\"heading.default\">\n\t\t\t\t<div class=\"elementor-widget-container\">\n\t\t\t\t\t<h2 class=\"elementor-heading-title elementor-size-default\">Pourquoi sponsoriser ?<\/h2>\t\t\t\t<\/div>\n\t\t\t\t<\/div>\n\t\t<div class=\"elementor-element elementor-element-dbda199 e-grid e-con-full e-con e-child\" data-id=\"dbda199\" data-element_type=\"container\" data-e-type=\"container\">\n\t\t<div class=\"elementor-element elementor-element-f621ea2 e-con-full e-flex e-con e-child\" data-id=\"f621ea2\" data-element_type=\"container\" data-e-type=\"container\" data-settings=\"{&quot;background_background&quot;:&quot;classic&quot;}\">\n\t\t\t\t<div class=\"elementor-element elementor-element-1957d06 elementor-widget elementor-widget-heading\" data-id=\"1957d06\" data-element_type=\"widget\" data-e-type=\"widget\" data-widget_type=\"heading.default\">\n\t\t\t\t<div class=\"elementor-widget-container\">\n\t\t\t\t\t<h5 class=\"elementor-heading-title elementor-size-default\">Visibilit\u00e9 de la marque am\u00e9lior\u00e9e <\/h5>\t\t\t\t<\/div>\n\t\t\t\t<\/div>\n\t\t\t\t<div class=\"elementor-element elementor-element-a387a89 elementor-widget elementor-widget-text-editor\" data-id=\"a387a89\" data-element_type=\"widget\" data-e-type=\"widget\" data-widget_type=\"text-editor.default\">\n\t\t\t\t<div class=\"elementor-widget-container\">\n\t\t\t\t\t\t\t\t\t<p>Sponsoriser la Conf\u00e9rence 2025 d&rsquo;AFRICAPPP peut consid\u00e9rablement am\u00e9liorer la visibilit\u00e9 de votre marque au sein de l&rsquo;industrie des fonds de pension et des investissements alternatifs en Afrique. Les possibilit\u00e9s de marquage comprennent les banni\u00e8res, la signalisation, les lani\u00e8res, les sacs de conf\u00e9rence, l&rsquo;application num\u00e9rique, etc. <\/p>\t\t\t\t\t\t\t\t<\/div>\n\t\t\t\t<\/div>\n\t\t\t\t<\/div>\n\t\t<div class=\"elementor-element elementor-element-dea62cc e-con-full e-flex e-con e-child\" data-id=\"dea62cc\" data-element_type=\"container\" data-e-type=\"container\" data-settings=\"{&quot;background_background&quot;:&quot;classic&quot;}\">\n\t\t\t\t<div class=\"elementor-element elementor-element-09f2aee elementor-widget elementor-widget-heading\" data-id=\"09f2aee\" data-element_type=\"widget\" data-e-type=\"widget\" data-widget_type=\"heading.default\">\n\t\t\t\t<div class=\"elementor-widget-container\">\n\t\t\t\t\t<h5 class=\"elementor-heading-title elementor-size-default\">Port\u00e9e du public cibl\u00e9<\/h5>\t\t\t\t<\/div>\n\t\t\t\t<\/div>\n\t\t\t\t<div class=\"elementor-element elementor-element-6699c36 elementor-widget elementor-widget-text-editor\" data-id=\"6699c36\" data-element_type=\"widget\" data-e-type=\"widget\" data-widget_type=\"text-editor.default\">\n\t\t\t\t<div class=\"elementor-widget-container\">\n\t\t\t\t\t\t\t\t\tLe parrainage de l\u2019\u00e9v\u00e9nement vous offre un canal direct pour atteindre votre public cible, g\u00e9n\u00e9rer des leads et \u00e9tablir des relations avec une audience hautement qualifi\u00e9e compos\u00e9e de principaux d\u00e9tenteurs d\u2019actifs, allocateurs, gestionnaires d\u2019investissements et professionnels de la finance.\n\t\t\t\t\t\t\t\t<\/div>\n\t\t\t\t<\/div>\n\t\t\t\t<\/div>\n\t\t<div class=\"elementor-element elementor-element-f628153 e-con-full e-flex e-con e-child\" data-id=\"f628153\" data-element_type=\"container\" data-e-type=\"container\" data-settings=\"{&quot;background_background&quot;:&quot;classic&quot;}\">\n\t\t\t\t<div class=\"elementor-element elementor-element-adbb747 elementor-widget elementor-widget-heading\" data-id=\"adbb747\" data-element_type=\"widget\" data-e-type=\"widget\" data-widget_type=\"heading.default\">\n\t\t\t\t<div class=\"elementor-widget-container\">\n\t\t\t\t\t<h5 class=\"elementor-heading-title elementor-size-default\">Opportunit\u00e9s de r\u00e9seautage<\/h5>\t\t\t\t<\/div>\n\t\t\t\t<\/div>\n\t\t\t\t<div class=\"elementor-element elementor-element-1b8e9b4 elementor-widget elementor-widget-text-editor\" data-id=\"1b8e9b4\" data-element_type=\"widget\" data-e-type=\"widget\" data-widget_type=\"text-editor.default\">\n\t\t\t\t<div class=\"elementor-widget-container\">\n\t\t\t\t\t\t\t\t\tParrainez un d\u00e9jeuner, un d\u00eener de gala, un cocktail, un petit-d\u00e9jeuner ou une salle de r\u00e9union priv\u00e9e, et b\u00e9n\u00e9ficiez d\u2019un acc\u00e8s exclusif \u00e0 des opportunit\u00e9s de r\u00e9seautage avec des d\u00e9cideurs cl\u00e9s et des leaders du secteur, ouvrant la voie \u00e0 des partenariats, des collaborations et des opportunit\u00e9s d\u2019affaires pr\u00e9cieuses.\n\t\t\t\t\t\t\t\t<\/div>\n\t\t\t\t<\/div>\n\t\t\t\t<\/div>\n\t\t<div class=\"elementor-element elementor-element-1952237 e-con-full e-flex e-con e-child\" data-id=\"1952237\" data-element_type=\"container\" data-e-type=\"container\" data-settings=\"{&quot;background_background&quot;:&quot;classic&quot;}\">\n\t\t\t\t<div class=\"elementor-element elementor-element-7b1376f elementor-widget elementor-widget-heading\" data-id=\"7b1376f\" data-element_type=\"widget\" data-e-type=\"widget\" data-widget_type=\"heading.default\">\n\t\t\t\t<div class=\"elementor-widget-container\">\n\t\t\t\t\t<h5 class=\"elementor-heading-title elementor-size-default\">Positionnement du leadership \u00e9clair\u00e9<\/h5>\t\t\t\t<\/div>\n\t\t\t\t<\/div>\n\t\t\t\t<div class=\"elementor-element elementor-element-dfd49d7 elementor-widget elementor-widget-text-editor\" data-id=\"dfd49d7\" data-element_type=\"widget\" data-e-type=\"widget\" data-widget_type=\"text-editor.default\">\n\t\t\t\t<div class=\"elementor-widget-container\">\n\t\t\t\t\t\t\t\t\t<p>Rejoignez-nous en tant que sponsor de la conf\u00e9rence AFRICAPPP pour partager votre expertise lors d\u2019interventions, de tables rondes ou d\u2019ateliers, et positionnez votre marque comme une r\u00e9f\u00e9rence dans le domaine tout en tirant parti de contenus pertinents et soigneusement s\u00e9lectionn\u00e9s.<\/p>\t\t\t\t\t\t\t\t<\/div>\n\t\t\t\t<\/div>\n\t\t\t\t<\/div>\n\t\t<div class=\"elementor-element elementor-element-3af36b3 e-con-full e-flex e-con e-child\" data-id=\"3af36b3\" data-element_type=\"container\" data-e-type=\"container\" data-settings=\"{&quot;background_background&quot;:&quot;classic&quot;}\">\n\t\t\t\t<div class=\"elementor-element elementor-element-e9a8341 elementor-widget elementor-widget-heading\" data-id=\"e9a8341\" data-element_type=\"widget\" data-e-type=\"widget\" data-widget_type=\"heading.default\">\n\t\t\t\t<div class=\"elementor-widget-container\">\n\t\t\t\t\t<h5 class=\"elementor-heading-title elementor-size-default\">Pr\u00e9senter les produits et services<\/h5>\t\t\t\t<\/div>\n\t\t\t\t<\/div>\n\t\t\t\t<div class=\"elementor-element elementor-element-8a90feb elementor-widget elementor-widget-text-editor\" data-id=\"8a90feb\" data-element_type=\"widget\" data-e-type=\"widget\" data-widget_type=\"text-editor.default\">\n\t\t\t\t<div class=\"elementor-widget-container\">\n\t\t\t\t\t\t\t\t\tEn tant que sponsor, vous pouvez pr\u00e9senter vos produits, services et solutions innovantes \u00e0 une audience cibl\u00e9e, activement \u00e0 la recherche d\u2019offres li\u00e9es \u00e0 l\u2019investissement.\t\t\t\t\t\t\t\t<\/div>\n\t\t\t\t<\/div>\n\t\t\t\t<\/div>\n\t\t\t\t<\/div>\n\t\t\t\t<\/div>\n\t\t\t\t\t<\/div>\n\t\t\t\t<\/div>\n\t\t<div class=\"elementor-element elementor-element-1b2b5b7 e-flex e-con-boxed e-con e-parent\" data-id=\"1b2b5b7\" data-element_type=\"container\" data-e-type=\"container\" data-settings=\"{&quot;background_background&quot;:&quot;classic&quot;}\">\n\t\t\t\t\t<div class=\"e-con-inner\">\n\t\t<div class=\"elementor-element elementor-element-1229e62 e-con-full e-flex e-con e-child\" data-id=\"1229e62\" data-element_type=\"container\" data-e-type=\"container\" data-settings=\"{&quot;background_background&quot;:&quot;classic&quot;}\">\n\t\t\t\t<div class=\"elementor-element elementor-element-6eaec2c elementor-invisible elementor-widget elementor-widget-image\" data-id=\"6eaec2c\" data-element_type=\"widget\" data-e-type=\"widget\" data-settings=\"{&quot;_animation&quot;:&quot;fadeInUp&quot;}\" data-widget_type=\"image.default\">\n\t\t\t\t<div class=\"elementor-widget-container\">\n\t\t\t\t\t\t\t\t\t\t\t\t\t\t\t<img decoding=\"async\" width=\"1920\" height=\"1278\" src=\"https:\/\/africappp.com\/wp-content\/uploads\/2025\/06\/1-86.jpg\" class=\"attachment-full size-full wp-image-14285\" alt=\"\" srcset=\"https:\/\/africappp.com\/wp-content\/uploads\/2025\/06\/1-86.jpg 1920w, https:\/\/africappp.com\/wp-content\/uploads\/2025\/06\/1-86-300x200.jpg 300w, https:\/\/africappp.com\/wp-content\/uploads\/2025\/06\/1-86-1024x682.jpg 1024w, https:\/\/africappp.com\/wp-content\/uploads\/2025\/06\/1-86-768x511.jpg 768w, https:\/\/africappp.com\/wp-content\/uploads\/2025\/06\/1-86-1536x1022.jpg 1536w\" sizes=\"(max-width: 1920px) 100vw, 1920px\" \/>\t\t\t\t\t\t\t\t\t\t\t\t\t\t\t<\/div>\n\t\t\t\t<\/div>\n\t\t\t\t<\/div>\n\t\t<div class=\"elementor-element elementor-element-3c9d708 e-con-full e-flex elementor-invisible e-con e-child\" data-id=\"3c9d708\" data-element_type=\"container\" data-e-type=\"container\" data-settings=\"{&quot;animation&quot;:&quot;fadeInLeft&quot;,&quot;background_background&quot;:&quot;classic&quot;}\">\n\t\t\t\t<div class=\"elementor-element elementor-element-57c3320 elementor-widget elementor-widget-heading\" data-id=\"57c3320\" data-element_type=\"widget\" data-e-type=\"widget\" data-widget_type=\"heading.default\">\n\t\t\t\t<div class=\"elementor-widget-container\">\n\t\t\t\t\t<h2 class=\"elementor-heading-title elementor-size-default\">DEVENEZ PARTENAIRE\n<\/h2>\t\t\t\t<\/div>\n\t\t\t\t<\/div>\n\t\t\t\t<div class=\"elementor-element elementor-element-44395e5 elementor-widget elementor-widget-text-editor\" data-id=\"44395e5\" data-element_type=\"widget\" data-e-type=\"widget\" data-widget_type=\"text-editor.default\">\n\t\t\t\t<div class=\"elementor-widget-container\">\n\t\t\t\t\t\t\t\t\t<p>Les partenaires collaborant avec AME Trade lors de l\u2019AFRICAPPP ont b\u00e9n\u00e9fici\u00e9 d\u2019une visibilit\u00e9 gr\u00e2ce aux outils promotionnels suivants mis en place par AME Trade :<\/p><ul><li>Sites Web des \u00e9v\u00e9nements et des partenaires<\/li><li>En ligne et imprim\u00e9<\/li><li>Publicit\u00e9s<\/li><li>T\u00e9l\u00e9vente<\/li><li>Rapport d&rsquo;apr\u00e8s-spectacle<\/li><li>publipostage<\/li><li>LinkedIn et autres m\u00e9dias sociaux<\/li><\/ul>\t\t\t\t\t\t\t\t<\/div>\n\t\t\t\t<\/div>\n\t\t\t\t<div class=\"elementor-element elementor-element-1635a00 elementor-align-left elementor-widget elementor-widget-button\" data-id=\"1635a00\" data-element_type=\"widget\" data-e-type=\"widget\" data-widget_type=\"button.default\">\n\t\t\t\t<div class=\"elementor-widget-container\">\n\t\t\t\t\t\t\t\t\t<div class=\"elementor-button-wrapper\">\n\t\t\t\t\t<a class=\"elementor-button elementor-button-link elementor-size-md\" href=\"mailto:marketing@ametrade.org\">\n\t\t\t\t\t\t<span class=\"elementor-button-content-wrapper\">\n\t\t\t\t\t\t\t\t\t<span class=\"elementor-button-text\">Contactez l'\u00e9quipe marketing<\/span>\n\t\t\t\t\t<\/span>\n\t\t\t\t\t<\/a>\n\t\t\t\t<\/div>\n\t\t\t\t\t\t\t\t<\/div>\n\t\t\t\t<\/div>\n\t\t\t\t<\/div>\n\t\t\t\t\t<\/div>\n\t\t\t\t<\/div>\n\t\t<div class=\"elementor-element elementor-element-519b958 e-flex e-con-boxed e-con e-parent\" data-id=\"519b958\" data-element_type=\"container\" data-e-type=\"container\" data-settings=\"{&quot;background_background&quot;:&quot;classic&quot;}\">\n\t\t\t\t\t<div class=\"e-con-inner\">\n\t\t<div class=\"elementor-element elementor-element-fa79d01 e-con-full e-flex elementor-invisible e-con e-child\" data-id=\"fa79d01\" data-element_type=\"container\" data-e-type=\"container\" data-settings=\"{&quot;animation&quot;:&quot;fadeInLeft&quot;,&quot;background_background&quot;:&quot;classic&quot;}\">\n\t\t\t\t<div class=\"elementor-element elementor-element-063f135 elementor-widget elementor-widget-heading\" data-id=\"063f135\" data-element_type=\"widget\" data-e-type=\"widget\" data-widget_type=\"heading.default\">\n\t\t\t\t<div class=\"elementor-widget-container\">\n\t\t\t\t\t<h2 class=\"elementor-heading-title elementor-size-default\">BECOME A SPEAKER\n<\/h2>\t\t\t\t<\/div>\n\t\t\t\t<\/div>\n\t\t\t\t<div class=\"elementor-element elementor-element-90c648d elementor-widget elementor-widget-text-editor\" data-id=\"90c648d\" data-element_type=\"widget\" data-e-type=\"widget\" data-widget_type=\"text-editor.default\">\n\t\t\t\t<div class=\"elementor-widget-container\">\n\t\t\t\t\t\t\t\t\t<p data-renderer-start-pos=\"818\">Nous r\u00e9unissons des esprits brillants venus d\u2019Afrique et du monde entier \u2014 y compris des porteurs de projets, des d\u00e9veloppeurs, des unit\u00e9s de PPP, des minist\u00e8res, ainsi que des institutions financi\u00e8res multilat\u00e9rales et de d\u00e9veloppement \u2014 pour \u00e9changer sur l\u2019ensemble du cycle de d\u00e9veloppement des projets d\u2019infrastructure.<\/p><p data-renderer-start-pos=\"1143\">Les pr\u00e9sentations et interventions de la conf\u00e9rence mettront en avant des pratiques exemplaires \u00e9prouv\u00e9es, pr\u00e9senteront des projets r\u00e9ussis et exploreront des mod\u00e8les de financement innovants favorisant la r\u00e9alisation d\u2019infrastructures durables et \u00e0 fort impact \u00e0 travers le continent.<\/p><p data-renderer-start-pos=\"1430\">Les intervenants potentiels sont invit\u00e9s \u00e0 soumettre leur biographie, une photo haute r\u00e9solution et le r\u00e9sum\u00e9 de leur pr\u00e9sentation pour examen par le comit\u00e9 d\u2019organisation.<\/p>\t\t\t\t\t\t\t\t<\/div>\n\t\t\t\t<\/div>\n\t\t\t\t<div class=\"elementor-element elementor-element-6fbd19f elementor-align-left elementor-widget elementor-widget-button\" data-id=\"6fbd19f\" data-element_type=\"widget\" data-e-type=\"widget\" data-widget_type=\"button.default\">\n\t\t\t\t<div class=\"elementor-widget-container\">\n\t\t\t\t\t\t\t\t\t<div class=\"elementor-button-wrapper\">\n\t\t\t\t\t<a class=\"elementor-button elementor-button-link elementor-size-md\" href=\"https:\/\/africappp.com\/fr\/contactez-nous\/\">\n\t\t\t\t\t\t<span class=\"elementor-button-content-wrapper\">\n\t\t\t\t\t\t\t\t\t<span class=\"elementor-button-text\">Contactez notre \u00e9quipe<\/span>\n\t\t\t\t\t<\/span>\n\t\t\t\t\t<\/a>\n\t\t\t\t<\/div>\n\t\t\t\t\t\t\t\t<\/div>\n\t\t\t\t<\/div>\n\t\t\t\t<\/div>\n\t\t<div class=\"elementor-element elementor-element-d6f1525 e-con-full e-flex e-con e-child\" data-id=\"d6f1525\" data-element_type=\"container\" data-e-type=\"container\" data-settings=\"{&quot;background_background&quot;:&quot;classic&quot;}\">\n\t\t\t\t<div class=\"elementor-element elementor-element-bb3b840 elementor-invisible elementor-widget elementor-widget-image\" data-id=\"bb3b840\" data-element_type=\"widget\" data-e-type=\"widget\" data-settings=\"{&quot;_animation&quot;:&quot;fadeInUp&quot;}\" data-widget_type=\"image.default\">\n\t\t\t\t<div class=\"elementor-widget-container\">\n\t\t\t\t\t\t\t\t\t\t\t\t\t\t\t<img loading=\"lazy\" decoding=\"async\" width=\"1920\" height=\"1278\" src=\"https:\/\/africappp.com\/wp-content\/uploads\/2025\/06\/1-101-1.jpg\" class=\"attachment-full size-full wp-image-14283\" alt=\"\" srcset=\"https:\/\/africappp.com\/wp-content\/uploads\/2025\/06\/1-101-1.jpg 1920w, https:\/\/africappp.com\/wp-content\/uploads\/2025\/06\/1-101-1-300x200.jpg 300w, https:\/\/africappp.com\/wp-content\/uploads\/2025\/06\/1-101-1-1024x682.jpg 1024w, https:\/\/africappp.com\/wp-content\/uploads\/2025\/06\/1-101-1-768x511.jpg 768w, https:\/\/africappp.com\/wp-content\/uploads\/2025\/06\/1-101-1-1536x1022.jpg 1536w\" sizes=\"(max-width: 1920px) 100vw, 1920px\" \/>\t\t\t\t\t\t\t\t\t\t\t\t\t\t\t<\/div>\n\t\t\t\t<\/div>\n\t\t\t\t<\/div>\n\t\t\t\t\t<\/div>\n\t\t\t\t<\/div>\n\t\t\t\t<\/div>\n\t\t","protected":false},"excerpt":{"rendered":"<p>PARTICIPER EN TANT QUE D\u00c9L\u00c9GU\u00c9 Participez en tant que d\u00e9l\u00e9gu\u00e9 et \u00e9changez avec un public de classe mondiale compos\u00e9 de plus de 300 participants pr\u00eats \u00e0 faire des affaires. Interagissez avec les principaux fonds de pension africains et internationaux, des soci\u00e9t\u00e9s d&rsquo;investissement alternatives et des leaders d&rsquo;opinion mondiaux pour approfondir le d\u00e9veloppement du secteur des [&hellip;]<\/p>\n","protected":false},"author":11,"featured_media":0,"parent":0,"menu_order":0,"comment_status":"closed","ping_status":"closed","template":"","meta":{"_uf_show_specific_survey":0,"_uf_disable_surveys":false,"footnotes":""},"class_list":["post-13270","page","type-page","status-publish","hentry"],"_links":{"self":[{"href":"https:\/\/africappp.com\/fr\/wp-json\/wp\/v2\/pages\/13270","targetHints":{"allow":["GET"]}}],"collection":[{"href":"https:\/\/africappp.com\/fr\/wp-json\/wp\/v2\/pages"}],"about":[{"href":"https:\/\/africappp.com\/fr\/wp-json\/wp\/v2\/types\/page"}],"author":[{"embeddable":true,"href":"https:\/\/africappp.com\/fr\/wp-json\/wp\/v2\/users\/11"}],"replies":[{"embeddable":true,"href":"https:\/\/africappp.com\/fr\/wp-json\/wp\/v2\/comments?post=13270"}],"version-history":[{"count":9,"href":"https:\/\/africappp.com\/fr\/wp-json\/wp\/v2\/pages\/13270\/revisions"}],"predecessor-version":[{"id":14345,"href":"https:\/\/africappp.com\/fr\/wp-json\/wp\/v2\/pages\/13270\/revisions\/14345"}],"wp:attachment":[{"href":"https:\/\/africappp.com\/fr\/wp-json\/wp\/v2\/media?parent=13270"}],"curies":[{"name":"wp","href":"https:\/\/api.w.org\/{rel}","templated":true}]}}